{"id":1517,"date":"2017-11-02T03:19:00","date_gmt":"2017-11-02T03:19:00","guid":{"rendered":"http:\/\/ninzio.com\/fundrize\/?page_id=1517"},"modified":"2025-07-21T16:23:16","modified_gmt":"2025-07-21T16:23:16","slug":"inicio","status":"publish","type":"page","link":"https:\/\/casademigloria.org\/cdmgorg_2020_website_proyecto\/","title":{"rendered":"Inicio"},"content":{"rendered":"<p>[vc_row][vc_column][rev_slider_vc alias=\u00bbslider-1&#8243;][\/vc_column][\/vc_row][vc_row full_width=\u00bbstretch_row\u00bb css=\u00bb.vc_custom_1509592666238{background-position: center !important;background-repeat: no-repeat !important;background-size: cover !important;}\u00bb][vc_column]\r\n\t<div class=\"fundrize-spacer clearfix\" data-desktop=\"85\" data-mobi=\"60\" data-smobi=\"60\"><\/div><div class=\"fundrize-headings clearfix text-center\"  style=\"\"><h2 class=\"heading clearfix\" style=\"margin-bottom:7px;\">\r\n\t\tSOMOS CASA DE MI GLORIA\r\n\t<\/h2><p class=\"sub-heading clearfix\" style=\"font-style:normal;font-size:16px;line-height:32px;max-width:600px; margin-left: auto; margin-right: auto;\">\r\n\t\t\u00a1Hoy es el primer d\u00eda del resto de tu vida bendecida!\r\n\t<\/p><\/div>\r\n\t<div class=\"fundrize-spacer clearfix\" data-desktop=\"55\" data-mobi=\"40\" data-smobi=\"40\"><\/div>[vc_row_inner][vc_column_inner width=\u00bb1\/2&#8243;]<div class=\"fundrize-icon-box clearfix icon-left w85 grey-outline align-left rounded-100 has-width\"><div class=\"icon-wrap\" style=\"line-height:81px;\">\r\n\t\t\t\t<i class=\"donation-icon-stick-man\"><\/i>\r\n\t\t\t<\/div> <h3 class=\"heading\" style=\"padding-left:103px;font-size:16px;line-height:26px;margin-top:2px;margin-bottom:12px;\">\r\n\t\t<a target=\"_blank\" href=\"https:\/\/your-link.com\">\r\n\t\t\t<span>VISI\u00d3N<\/span>\r\n\t\t<\/a>\r\n\t<\/h3><p class=\"desc\" style=\"padding-left:103px;\">\r\n\t\t<span>Alcanzar al mayor n\u00famero de personas para el reino de Dios t hacerlos sus disc\u00edpulos.<\/span>\r\n\t<\/p><\/div>\r\n\t<div class=\"fundrize-spacer clearfix\" data-desktop=\"50\" data-mobi=\"35\" data-smobi=\"35\"><\/div><div class=\"fundrize-icon-box clearfix icon-left w85 grey-outline align-left rounded-100 has-width\"><div class=\"icon-wrap\" style=\"line-height:81px;\">\r\n\t\t\t\t<i class=\"donation-icon-care\"><\/i>\r\n\t\t\t<\/div> <h3 class=\"heading\" style=\"padding-left:103px;font-size:16px;line-height:26px;margin-top:2px;margin-bottom:12px;\">\r\n\t\t<a target=\"_blank\" href=\"https:\/\/your-link.com\">\r\n\t\t\t<span>MISI\u00d3N<\/span>\r\n\t\t<\/a>\r\n\t<\/h3><p class=\"desc\" style=\"padding-left:103px;\">\r\n\t\t<span>Proclamar el mensaje de Jesucristo al mundo entero a trav\u00e9s de todos los medios posibles,<br \/>\nestableciendo iglesias conforme al modelo B\u00edblico del Nuevo Testamento y capacitando l\u00edderes para tocar un mundo doliente con la compasi\u00f3n de Jesucristo e invitarle a ser su disc\u00edpulo.<\/span>\r\n\t<\/p><\/div>\r\n\t<div class=\"fundrize-spacer clearfix\" data-desktop=\"0\" data-mobi=\"40\" data-smobi=\"40\"><\/div>[\/vc_column_inner][vc_column_inner width=\u00bb1\/2&#8243;][vc_hoverbox image=\u00bb3070&#8243; primary_title=\u00bb\u00bb hover_title=\u00bbNat\u00e1n y Cristina Alfaro\u00bb]Para Jes\u00fas nada es m\u00e1s importante que\u00a0 las almas y cada d\u00eda, Casa De Mi Gloria tiene la misi\u00f3n de ser el instrumento de Jes\u00fas, para impactar cada vida y alcanzar cada alma de esta Naci\u00f3n.<\/p>\n<p>Jes\u00fas tiene promesas para cada uno de nosotros.<\/p>\n<p>Nat\u00e1n y Cristina Alfaro.<\/p>\n<p>Pastores Generales[\/vc_hoverbox][\/vc_column_inner][\/vc_row_inner]\r\n\t<div class=\"fundrize-spacer clearfix\" data-desktop=\"110\" data-mobi=\"60\" data-smobi=\"60\"><\/div>[\/vc_column][\/vc_row][vc_row full_width=\u00bbstretch_row\u00bb css=\u00bb.vc_custom_1627310553554{background-color: #ffffff !important;}\u00bb][vc_column]\r\n\t<div class=\"fundrize-spacer clearfix\" data-desktop=\"100\" data-mobi=\"60\" data-smobi=\"60\"><\/div><div class=\"fundrize-headings clearfix text-center\"  style=\"\"><h2 class=\"heading clearfix\" style=\"margin-bottom:7px;\">\r\n\t\t\u00daLTIMAS NOTICIAS\r\n\t<\/h2><p class=\"sub-heading clearfix\" style=\"font-style:normal;font-size:16px;line-height:32px;max-width:600px; margin-left: auto; margin-right: auto;\">\r\n\t\tSiempre estamos en movimiento por eso compartimos contigo los acontecimientos m\u00e1s recientes en nuestra iglesia\r\n\t<\/p><\/div>\r\n\t<div class=\"fundrize-spacer clearfix\" data-desktop=\"65\" data-mobi=\"40\" data-smobi=\"40\"><\/div>\r\n<div class=\"fundrize-news arrow-center text-center bullet-square offsetcenter offset-v0\" data-auto=\"false\" data-column=\"3\" data-column2=\"2\" data-column3=\"1\" data-gap=\"30\">\r\n\t\r\n\t<div class=\"owl-carousel owl-theme\">\r\n\t        \t<div class=\"news-item clearfix\">\r\n    \t\t<div class=\"inner\"  style=\"background-color:#f6f6f6;\">\r\n    \t\t\t<img loading=\"lazy\" decoding=\"async\" width=\"600\" height=\"500\" src=\"https:\/\/casademigloria.org\/cdmgorg_2020_website_proyecto\/wp-content\/uploads\/2025\/07\/b8e4ecdf-19a5-4865-a00d-2e1e7a36ddae-600x500.jpeg\" class=\"attachment-fundrize-rectangle size-fundrize-rectangle wp-post-image\" alt=\"\" \/>\r\n                <div class=\"text-wrap\" style=\"\">\r\n\t\t\t\t\t<h3 class=\"title\" style=\"\"><a href=\"https:\/\/casademigloria.org\/cdmgorg_2020_website_proyecto\/construccion-de-cisterna\/\">Construcci\u00f3n de Cisterna<\/a><\/h3><div class=\"meta\"><span class=\"post-date\">julio 24, 2025<\/span><\/div><p class=\"excerpt\" style=\"\">En el mes de Julio del a\u00f1o 2024, finaliz\u00f3 la construcci\u00f3n de la cisterna que&hellip;<\/p><div class=\"post-btn\"><a href=\"https:\/\/casademigloria.org\/cdmgorg_2020_website_proyecto\/construccion-de-cisterna\/\" class=\"small fundrize-button accent small\" style=\"\">Leer m\u00e1s<\/a><\/div>                <\/div><!-- \/.text-wrap -->\r\n            <\/div>\r\n        <\/div><!-- \/.news-item -->\r\n\t\t    \t<div class=\"news-item clearfix\">\r\n    \t\t<div class=\"inner\"  style=\"background-color:#f6f6f6;\">\r\n    \t\t\t<img loading=\"lazy\" decoding=\"async\" width=\"600\" height=\"500\" src=\"https:\/\/casademigloria.org\/cdmgorg_2020_website_proyecto\/wp-content\/uploads\/2025\/07\/005-600x500.jpg\" class=\"attachment-fundrize-rectangle size-fundrize-rectangle wp-post-image\" alt=\"\" \/>\r\n                <div class=\"text-wrap\" style=\"\">\r\n\t\t\t\t\t<h3 class=\"title\" style=\"\"><a href=\"https:\/\/casademigloria.org\/cdmgorg_2020_website_proyecto\/construccion-de-losa-de-entrepiso\/\">Construccion de Losa de Entrepiso<\/a><\/h3><div class=\"meta\"><span class=\"post-date\">julio 24, 2025<\/span><\/div><p class=\"excerpt\" style=\"\">En el mes de abril del 2025 se llev\u00f3 a cabo la construcci\u00f3n de la&hellip;<\/p><div class=\"post-btn\"><a href=\"https:\/\/casademigloria.org\/cdmgorg_2020_website_proyecto\/construccion-de-losa-de-entrepiso\/\" class=\"small fundrize-button accent small\" style=\"\">Leer m\u00e1s<\/a><\/div>                <\/div><!-- \/.text-wrap -->\r\n            <\/div>\r\n        <\/div><!-- \/.news-item -->\r\n\t\t    \t<div class=\"news-item clearfix\">\r\n    \t\t<div class=\"inner\"  style=\"background-color:#f6f6f6;\">\r\n    \t\t\t<img loading=\"lazy\" decoding=\"async\" width=\"600\" height=\"500\" src=\"https:\/\/casademigloria.org\/cdmgorg_2020_website_proyecto\/wp-content\/uploads\/2025\/07\/004-600x500.jpg\" class=\"attachment-fundrize-rectangle size-fundrize-rectangle wp-post-image\" alt=\"\" \/>\r\n                <div class=\"text-wrap\" style=\"\">\r\n\t\t\t\t\t<h3 class=\"title\" style=\"\"><a href=\"https:\/\/casademigloria.org\/cdmgorg_2020_website_proyecto\/cimientos-del-mezzanine-del-auditorio-del-templo\/\">Cimientos del Mezzanine del Auditorio del Templo<\/a><\/h3><div class=\"meta\"><span class=\"post-date\">julio 24, 2025<\/span><\/div><p class=\"excerpt\" style=\"\">Se construyeron los cimientos del mezzanine en el mes de junio del 2025, mezzanine se&hellip;<\/p><div class=\"post-btn\"><a href=\"https:\/\/casademigloria.org\/cdmgorg_2020_website_proyecto\/cimientos-del-mezzanine-del-auditorio-del-templo\/\" class=\"small fundrize-button accent small\" style=\"\">Leer m\u00e1s<\/a><\/div>                <\/div><!-- \/.text-wrap -->\r\n            <\/div>\r\n        <\/div><!-- \/.news-item -->\r\n\t\t\t<\/div><!-- \/.owl-carousel -->\r\n\r\n<\/div><!-- \/.fundrize-news -->\r\n\r\n\t<div class=\"fundrize-spacer clearfix\" data-desktop=\"45\" data-mobi=\"30\" data-smobi=\"30\"><\/div>[\/vc_column][\/vc_row][vc_row full_width=\u00bbstretch_row\u00bb css=\u00bb.vc_custom_1583731101027{background-color: #ff2323 !important;}\u00bb el_class=\u00bbfull-has-bg\u00bb][vc_column]<div class=\"fundrize-action-box  has-icon\" style=\"padding:48px 0px 48px 0px;\">\r\n\t\t<div class=\"inner\">\r\n\t\t<div class=\"heading-wrap \">\r\n\t\t\t<div class=\"text-wrap\" style=\"padding-left:76px;\">\r\n\t\t\t\t<h2 class=\"heading\" style=\"color:#ffffff;\">\r\n\t\t\t\t\tSubscribete a nuestro canal de YouTube\r\n\t\t\t\t<\/h2>\r\n\t\t\t\t<span class=\"icon \" style=\"font-size:50px;color:#ffffff;\"><i class=\"fa fa-youtube-play\"><\/i><\/span> \r\n\t\t<div class=\"sub-heading\" style=\"color:#ffffff;font-size:16px;line-height:26px;\">\r\n\t\t\tRecibe el mensaje que Dios tiene para tu vida.\r\n\t\t<\/div>\r\n\t\t\t<\/div>\r\n\t\t<\/div>\r\n\t\t<div class=\"button-wrap \">\r\n\t\t\t<a href=\"https:\/\/www.youtube.com\/channel\/UCtJO0gSt8SCOkijxKb264Cg\" class=\"big fundrize-button white\" style=\"font-weight:500;font-size:14px;line-height:26px;\">\r\n\t\t\t\tIr al Canal\r\n\t\t\t<\/a>\r\n\t\t<\/div><\/div>\r\n\t<\/div>[\/vc_column][\/vc_row][vc_row full_width=\u00bbstretch_row\u00bb css=\u00bb.vc_custom_1503892047515{background-position: 0 0 !important;background-repeat: repeat !important;}\u00bb][vc_column]\r\n\t<div class=\"fundrize-spacer clearfix\" data-desktop=\"90\" data-mobi=\"60\" data-smobi=\"60\"><\/div><div class=\"fundrize-headings clearfix text-center\"  style=\"\"><h2 class=\"heading clearfix\" style=\"margin-bottom:7px;\">\r\n\t\tTESTIMONIALES\r\n\t<\/h2><p class=\"sub-heading clearfix\" style=\"font-style:normal;font-size:16px;line-height:32px;max-width:600px; margin-left: auto; margin-right: auto;\">\r\n\t\tSon muchos los pastores y l\u00edderes internacionales que han visto crecer esta visi\u00f3n.\r\n\t<\/p><\/div>\r\n\t<div class=\"fundrize-spacer clearfix\" data-desktop=\"43\" data-mobi=\"30\" data-smobi=\"30\"><\/div><div class=\"fundrize-carousel-box arrow-center bullet-circle offset30 offset-v0 has-bullets has-arrows\" data-auto=\"false\" data-loop=\"false\" data-gap=\"20\" data-column=\"3\" data-column2=\"2\" data-column3=\"1\">\r\n        <div class=\"owl-carousel owl-theme\"><div class=\"fundrize-testimonials clearfix image-circle has-shadow\">\r\n        <div class=\"item\" style=\"padding-top:51px;\">\r\n            <div class=\"inner\"><div class=\"thumb\" style=\"width:102px; height:102px;\"><img loading=\"lazy\" decoding=\"async\" width=\"200\" height=\"200\" src=\"https:\/\/casademigloria.org\/cdmgorg_2020_website_proyecto\/wp-content\/uploads\/2020\/03\/Maricela.png\" class=\"attachment-full size-full\" alt=\"\" srcset=\"https:\/\/casademigloria.org\/cdmgorg_2020_website_proyecto\/wp-content\/uploads\/2020\/03\/Maricela.png 200w, https:\/\/casademigloria.org\/cdmgorg_2020_website_proyecto\/wp-content\/uploads\/2020\/03\/Maricela-150x150.png 150w, https:\/\/casademigloria.org\/cdmgorg_2020_website_proyecto\/wp-content\/uploads\/2020\/03\/Maricela-160x160.png 160w, https:\/\/casademigloria.org\/cdmgorg_2020_website_proyecto\/wp-content\/uploads\/2020\/03\/Maricela-100x100.png 100w\" sizes=\"(max-width: 200px) 100vw, 200px\" \/><\/div> <blockquote class=\"text\" style=\"font-style:normal;background-color: #f6f6f6;color: #999999;padding:75px 40px 36px 40px;font-size:16px;line-height:30px;\">\r\n\tDios est\u00e1 levantando a Casa De Mi Gloria, no solamente a nivel de un pueblo o de una ciudad, si no en la naci\u00f3n. Los Pastores Nat\u00e1n y Cristina Alfaro son grandes misioneros que han capacitado un liderazgo y con el Fundamento, que es Cristo, construir\u00e1n este gran templo, el cual abrir\u00e1 nuevos caminos y no solo en Nicaragua sino que ser\u00e1 de impacto en las naciones.<div class=\"name-pos\" style=\"margin-top:30px;\"><h6 class=\"name\" style=\"font-size:16px;\">MARICELA HERN\u00c1NDEZ<\/h6> <span class=\"position\" style=\"padding-left: 5px;font-size:12px;\">Pastora Family Christian Assembly en Pe\u00f1itas, TX.<\/span><\/div>\r\n\t<\/blockquote><\/div>\r\n        <\/div>\r\n    <\/div><div class=\"fundrize-testimonials clearfix image-circle has-shadow\">\r\n        <div class=\"item\" style=\"padding-top:51px;\">\r\n            <div class=\"inner\"><div class=\"thumb\" style=\"width:102px; height:102px;\"><img loading=\"lazy\" decoding=\"async\" width=\"200\" height=\"200\" src=\"https:\/\/casademigloria.org\/cdmgorg_2020_website_proyecto\/wp-content\/uploads\/2020\/03\/Ezequiel.png\" class=\"attachment-full size-full\" alt=\"\" srcset=\"https:\/\/casademigloria.org\/cdmgorg_2020_website_proyecto\/wp-content\/uploads\/2020\/03\/Ezequiel.png 200w, https:\/\/casademigloria.org\/cdmgorg_2020_website_proyecto\/wp-content\/uploads\/2020\/03\/Ezequiel-150x150.png 150w, https:\/\/casademigloria.org\/cdmgorg_2020_website_proyecto\/wp-content\/uploads\/2020\/03\/Ezequiel-160x160.png 160w, https:\/\/casademigloria.org\/cdmgorg_2020_website_proyecto\/wp-content\/uploads\/2020\/03\/Ezequiel-100x100.png 100w\" sizes=\"(max-width: 200px) 100vw, 200px\" \/><\/div> <blockquote class=\"text\" style=\"font-style:normal;background-color: #f6f6f6;color: #999999;padding:75px 40px 36px 40px;font-size:16px;line-height:30px;\">\r\n\tEl Coraz\u00f3n es el \u00f3rgano m\u00e1s importante de nuestro cuerpo y el da vida a todo nuestro ser, podemos sobrevivir sin un brazo, pero no sin un coraz\u00f3n sano.<br \/>\nY es as\u00ed que veo a Casa De Mi Gloria, es el coraz\u00f3n y el centro fluyendo vida en Managua, Nicaragua y todo el mundo, llegando a lugares donde ya no hay esperanza.<br \/>\nDa Gozo a los que conocemos de Dios, por las cosas grande que \u00c9l est\u00e1 haciendo en este lugar.<div class=\"name-pos\" style=\"margin-top:30px;\"><h6 class=\"name\" style=\"font-size:16px;\">EZEQUIEL PECINA<\/h6> <span class=\"position\" style=\"padding-left: 5px;font-size:13px;\">Pastor de Life Church en Abilene, TX.<\/span><\/div>\r\n\t<\/blockquote><\/div>\r\n        <\/div>\r\n    <\/div><div class=\"fundrize-testimonials clearfix image-circle has-shadow\">\r\n        <div class=\"item\" style=\"padding-top:51px;\">\r\n            <div class=\"inner\"><div class=\"thumb\" style=\"width:102px; height:102px;\"><img loading=\"lazy\" decoding=\"async\" width=\"200\" height=\"200\" src=\"https:\/\/casademigloria.org\/cdmgorg_2020_website_proyecto\/wp-content\/uploads\/2020\/03\/Loyd.png\" class=\"attachment-full size-full\" alt=\"\" srcset=\"https:\/\/casademigloria.org\/cdmgorg_2020_website_proyecto\/wp-content\/uploads\/2020\/03\/Loyd.png 200w, https:\/\/casademigloria.org\/cdmgorg_2020_website_proyecto\/wp-content\/uploads\/2020\/03\/Loyd-150x150.png 150w, https:\/\/casademigloria.org\/cdmgorg_2020_website_proyecto\/wp-content\/uploads\/2020\/03\/Loyd-160x160.png 160w, https:\/\/casademigloria.org\/cdmgorg_2020_website_proyecto\/wp-content\/uploads\/2020\/03\/Loyd-100x100.png 100w\" sizes=\"(max-width: 200px) 100vw, 200px\" \/><\/div> <blockquote class=\"text\" style=\"font-style:normal;background-color: #f6f6f6;color: #999999;padding:75px 40px 36px 40px;font-size:16px;line-height:30px;\">\r\n\tHa sido un honor, en estos diez a\u00f1os, ver el crecimiento de Casa De Mi Gloria y cuando ungimos la primera piedra espiritualmente vi, que este proyecto ser\u00e1 un legado de la fe de los Pastores Alfaro y son bendecidos porque est\u00e1n haciendo la voluntad de Dios. Este templo ser\u00e1 lumbrera de la Gloria de Dios en Managua, en Nicaragua y todo Centroam\u00e9rica para la Gloria de \u00c9l.<div class=\"name-pos\" style=\"margin-top:30px;\"><h6 class=\"name\" style=\"font-size:16px;\">LOYD THURMAN<\/h6> <span class=\"position\" style=\"padding-left: 5px;font-size:13px;\">Pastor<\/span><\/div>\r\n\t<\/blockquote><\/div>\r\n        <\/div>\r\n    <\/div>\n<\/div>\r\n\t<\/div>\r\n\t<div class=\"fundrize-spacer clearfix\" data-desktop=\"90\" data-mobi=\"50\" data-smobi=\"50\"><\/div>[\/vc_column][\/vc_row][vc_row full_width=\u00bbstretch_row\u00bb css=\u00bb.vc_custom_1583733415374{background-image: url(https:\/\/casademigloria.org\/cdmgorg_2020_website_proyecto\/wp-content\/uploads\/2020\/03\/fondo.png?id=2559) !important;background-position: center !important;background-repeat: no-repeat !important;background-size: cover !important;}\u00bb][vc_column]\r\n\t<div class=\"fundrize-spacer clearfix\" data-desktop=\"100\" data-mobi=\"60\" data-smobi=\"60\"><\/div>[vc_row_inner][vc_column_inner width=\u00bb1\/4&#8243;]<div class=\"fundrize-counter clearfix icon-top text-center\"><div class=\"inner\"><div class=\"icon-wrap\"><\/div><div class=\"text-wrap\"><div class=\"number-wrap font-heading\" style=\"color:#ffffff;font-weight:700;font-size:56px;line-height:68px;margin-top:2px;\"><span class=\"prefix \" style=\"\"><\/span><span class=\"number \" data-speed=\"2000\" data-to=\"10\" data-inviewport=\"yes\"> 10<\/span><span class=\"suffix \" style=\"\"><\/span><\/div><div class=\"sep \" style=\"width:52px;height:3px;\"><\/div><h3 class=\"heading\" style=\"color:#ffffff;font-size:14px;margin-top:10px;\">\r\n\t\tA\u00d1OS\r\n\t<\/h3><\/div><\/div><\/div>\r\n\t<div class=\"fundrize-spacer clearfix\" data-desktop=\"0\" data-mobi=\"35\" data-smobi=\"35\"><\/div>[\/vc_column_inner][vc_column_inner width=\u00bb1\/4&#8243;]<div class=\"fundrize-counter clearfix icon-top text-center\"><div class=\"inner\"><div class=\"icon-wrap\"><\/div><div class=\"text-wrap\"><div class=\"number-wrap font-heading\" style=\"color:#ffffff;font-weight:700;font-size:56px;line-height:68px;margin-top:2px;\"><span class=\"prefix \" style=\"\"><\/span><span class=\"number \" data-speed=\"2000\" data-to=\"7\" data-inviewport=\"yes\"> 7<\/span><span class=\"suffix \" style=\"\"><\/span><\/div><div class=\"sep \" style=\"width:52px;height:3px;\"><\/div><h3 class=\"heading\" style=\"color:#ffffff;font-size:14px;margin-top:10px;\">\r\n\t\tFILIALES\r\n\t<\/h3><\/div><\/div><\/div>\r\n\t<div class=\"fundrize-spacer clearfix\" data-desktop=\"0\" data-mobi=\"35\" data-smobi=\"35\"><\/div>[\/vc_column_inner][vc_column_inner width=\u00bb1\/4&#8243;]<div class=\"fundrize-counter clearfix icon-top text-center\"><div class=\"inner\"><div class=\"icon-wrap\"><\/div><div class=\"text-wrap\"><div class=\"number-wrap font-heading\" style=\"color:#ffffff;font-weight:700;font-size:56px;line-height:68px;margin-top:2px;\"><span class=\"prefix \" style=\"\"><\/span><span class=\"number \" data-speed=\"2000\" data-to=\"5000\" data-inviewport=\"yes\"> 5000<\/span><span class=\"suffix \" style=\"\"><\/span><\/div><div class=\"sep \" style=\"width:52px;height:3px;\"><\/div><h3 class=\"heading\" style=\"color:#ffffff;font-size:14px;margin-top:10px;\">\r\n\t\tMIEMBROS\r\n\t<\/h3><\/div><\/div><\/div>\r\n\t<div class=\"fundrize-spacer clearfix\" data-desktop=\"0\" data-mobi=\"35\" data-smobi=\"35\"><\/div>[\/vc_column_inner][vc_column_inner width=\u00bb1\/4&#8243;]<div class=\"fundrize-counter clearfix icon-top text-center\"><div class=\"inner\"><div class=\"icon-wrap\"><\/div><div class=\"text-wrap\"><div class=\"number-wrap font-heading\" style=\"color:#ffffff;font-weight:700;font-size:56px;line-height:68px;margin-top:2px;\"><span class=\"prefix \" style=\"\"><\/span><span class=\"number \" data-speed=\"2000\" data-to=\"1000\" data-inviewport=\"yes\"> 1000<\/span><span class=\"suffix \" style=\"\"><\/span><\/div><div class=\"sep \" style=\"width:52px;height:3px;\"><\/div><h3 class=\"heading\" style=\"color:#ffffff;font-size:14px;margin-top:10px;\">\r\n\t\tNI\u00d1OS\r\n\t<\/h3><\/div><\/div><\/div>[\/vc_column_inner][\/vc_row_inner]\r\n\t<div class=\"fundrize-spacer clearfix\" data-desktop=\"110\" data-mobi=\"60\" data-smobi=\"60\"><\/div>[\/vc_column][\/vc_row][vc_row][vc_column]\r\n\t<div class=\"fundrize-spacer clearfix\" data-desktop=\"90\" data-mobi=\"60\" data-smobi=\"60\"><\/div><div class=\"fundrize-headings clearfix text-center\"  style=\"\"><h2 class=\"heading clearfix\" style=\"margin-bottom:7px;\">\r\n\t\t\u00bfC\u00d3MO DONAR?\r\n\t<\/h2><p class=\"sub-heading clearfix\" style=\"font-style:normal;font-size:16px;line-height:32px;max-width:600px; margin-left: auto; margin-right: auto;\">\r\n\t\tQueremos ayudarte a escoger cual es el m\u00e9todo de donaci\u00f3n que mejor se adapte a ti.\r\n\t<\/p><\/div>\r\n\t<div class=\"fundrize-spacer clearfix\" data-desktop=\"40\" data-mobi=\"40\" data-smobi=\"40\"><\/div>[vc_row_inner gap=\u00bb30&#8243;][vc_column_inner width=\u00bb1\/2&#8243;][vc_single_image image=\u00bb2442&#8243;][\/vc_column_inner][vc_column_inner width=\u00bb1\/2&#8243;]\r\n\t<div class=\"fundrize-accordions style-1\"><div class=\"accordion-item  active no-icon\" style=\"margin-bottom:10px;\"><h3 class=\"accordion-heading\" style=\"\">\r\n\t\t\t<span class=\"inner\" style=\"\">\r\n\t\t\t\t\r\n\t\t\t\tTARJETA DE CR\u00c9DITO O D\u00c9BITO\r\n\t\t\t<\/span>\r\n\t\t<\/h3><div class=\"accordion-content\" style=\"padding:20px 0px 10px 0px;\"><p>Para realizar tu donaci\u00f3n con tarjeta de cr\u00e9dito o d\u00e9bito debes completar el siguiente formulario<\/p>\n<div class=\"post-btn\"><a class=\"small fundrize-button accent small\" href=\"https:\/\/casademigloria.org\/cdmgorg_2020_website_proyecto\/sembrar\/\"> <i class=\"fas fa-heart\"><\/i> Sembrar<\/a><\/div>\n<\/div><\/div><div class=\"accordion-item  no-icon\" style=\"margin-bottom:5px;\"><h3 class=\"accordion-heading\" style=\"\">\r\n\t\t\t<span class=\"inner\" style=\"\">\r\n\t\t\t\t\r\n\t\t\t\tCUENTAS DE BANCO\r\n\t\t\t<\/span>\r\n\t\t<\/h3><div class=\"accordion-content\" style=\"padding:20px 0px 10px 0px;\"><p>Transferencias o Deposito LAFISE<br \/>\nC$ 106 007 578<br \/>\nUS$106 204 609<\/p>\n<\/div><\/div><div class=\"accordion-item  no-icon\" style=\"margin-bottom:px;\"><h3 class=\"accordion-heading\" style=\"\">\r\n\t\t\t<span class=\"inner\" style=\"\">\r\n\t\t\t\t\r\n\t\t\t\tPRESENCIAL\r\n\t\t\t<\/span>\r\n\t\t<\/h3><div class=\"accordion-content\" style=\"padding:20px 0px 10px 0px;\"><div class=\"font-size-16\">Puedes acercarte a las oficinas de Centro de Capacitaci\u00f3n el Faro \u00f3 tambi\u00e9n con un sobre en Casa De Mi Gloria.<\/div>\n<\/div><\/div>\n<\/div>[\/vc_column_inner][\/vc_row_inner]\r\n\t<div class=\"fundrize-spacer clearfix\" data-desktop=\"100\" data-mobi=\"60\" data-smobi=\"60\"><\/div>[\/vc_column][\/vc_row]<\/p>\n","protected":false},"excerpt":{"rendered":"<p>[vc_row][vc_column][rev_slider_vc alias=\u00bbslider-1&#8243;][\/vc_column][\/vc_row][vc_row full_width=\u00bbstretch_row\u00bb css=\u00bb.vc_custom_1509592666238{background-position: center !important;background-repeat: no-repeat !important;background-size: cover !important;}\u00bb][vc_column][vc_row_inner][vc_column_inner width=\u00bb1\/2&#8243;][\/vc_column_inner][vc_column_inner width=\u00bb1\/2&#8243;][vc_hoverbox image=\u00bb3070&#8243; primary_title=\u00bb\u00bb hover_title=\u00bbNat\u00e1n y Cristina Alfaro\u00bb]Para Jes\u00fas nada es m\u00e1s importante que\u00a0 las almas y cada d\u00eda, Casa De Mi Gloria tiene la misi\u00f3n de ser el instrumento de Jes\u00fas, para impactar cada vida y alcanzar cada alma de esta Naci\u00f3n. Jes\u00fas tiene&hellip;<\/p>\n","protected":false},"author":1,"featured_media":0,"parent":0,"menu_order":0,"comment_status":"closed","ping_status":"closed","template":"","meta":{"footnotes":""},"_links":{"self":[{"href":"https:\/\/casademigloria.org\/cdmgorg_2020_website_proyecto\/wp-json\/wp\/v2\/pages\/1517"}],"collection":[{"href":"https:\/\/casademigloria.org\/cdmgorg_2020_website_proyecto\/wp-json\/wp\/v2\/pages"}],"about":[{"href":"https:\/\/casademigloria.org\/cdmgorg_2020_website_proyecto\/wp-json\/wp\/v2\/types\/page"}],"author":[{"embeddable":true,"href":"https:\/\/casademigloria.org\/cdmgorg_2020_website_proyecto\/wp-json\/wp\/v2\/users\/1"}],"replies":[{"embeddable":true,"href":"https:\/\/casademigloria.org\/cdmgorg_2020_website_proyecto\/wp-json\/wp\/v2\/comments?post=1517"}],"version-history":[{"count":64,"href":"https:\/\/casademigloria.org\/cdmgorg_2020_website_proyecto\/wp-json\/wp\/v2\/pages\/1517\/revisions"}],"predecessor-version":[{"id":3071,"href":"https:\/\/casademigloria.org\/cdmgorg_2020_website_proyecto\/wp-json\/wp\/v2\/pages\/1517\/revisions\/3071"}],"wp:attachment":[{"href":"https:\/\/casademigloria.org\/cdmgorg_2020_website_proyecto\/wp-json\/wp\/v2\/media?parent=1517"}],"curies":[{"name":"wp","href":"https:\/\/api.w.org\/{rel}","templated":true}]}}