{"id":2607,"date":"2021-06-24T14:23:44","date_gmt":"2021-06-24T14:23:44","guid":{"rendered":"https:\/\/casademigloria.org\/cdmgorg_2020_website_proyecto\/?page_id=2607"},"modified":"2021-06-30T22:25:03","modified_gmt":"2021-06-30T22:25:03","slug":"sembrar","status":"publish","type":"page","link":"https:\/\/casademigloria.org\/cdmgorg_2020_website_proyecto\/sembrar\/","title":{"rendered":"sembrar"},"content":{"rendered":"    <div class=\"row\">\n    \n  <div class=\"col-50\">\n    <div class=\"container\">\n\n<form id=\"payment_confirmation\" action=\"https:\/\/casademigloria.org\/cdmgorg_2020_website_proyecto\/payment\/\" method=\"post\" onsubmit=\"submit.disabled = true; return true;\">\n    <input type=\"hidden\" name=\"access_key\" value=\"9f3bb19b70e83d96b3f8d99d86fa3903\">\n    <input type=\"hidden\" name=\"profile_id\" value=\"D16BB304-B60A-45DC-BCA8-359603A6C6A1\">\n    <input type=\"hidden\" name=\"transaction_uuid\" value=\"69f4ff898789b\">\n    <input type=\"hidden\" class=\"signed_field\" name=\"signed_field_names\" value=\"\">\n    <input type=\"hidden\" name=\"unsigned_field_names\" value=\"card_type,card_number,card_expiry_date,card_cvn\">\n    <input type=\"hidden\" name=\"signed_date_time\" value=\"2026-05-01T19:31:21Z\">\n    <input type=\"hidden\" name=\"locale\" value=\"en\">\n    <input type=\"hidden\" name=\"transaction_type\" value=\"sale\">\n    <input type=\"hidden\" name=\"currency\" value=\"USD\">\n    <input type=\"hidden\" name=\"payment_method\" value=\"card\">\n    <input type=\"hidden\" name=\"reference_number\" value=\"1777663881\">\n    <input type=\"hidden\" name=\"customer_ip_address\" value=\"216.73.216.86\">\n    <!---<input type=\"hidden\" name=\"device_fingerprint_id\" value=\"uniqueUUID\">\n    <input type=\"hidden\" name=\"org_id\" value=\"1snn5n9w\">\n    <input type=\"hidden\" name=\"session_id\" value=\"blni_conad uniqueUUID\">-->\n\n    <fieldset>  \n        <img decoding=\"async\" class=\"imgform\" src=\"https:\/\/casademigloria.org\/cdmgorg_2020_website_proyecto\/wp-content\/plugins\/PasarelaCDMG\/includes\/..\/assets\/images\/logo.png\" alt=\"Casa de Mi Gloria\" \/>\n        <div class=\"row\">\n            \n            <div class=\"tab col-50\" style=\"display: block;\" id=\"start_donation\" >\n                <p class=\"description\">\n            Estamos proyectando un Complejo con espacios que nos ayuden a ampliar la difusi\u00f3n del Evangelio.<\/p>\n      <h2 class=\"headline\">\n        \u00a1\u00daNETE!<\/h2>\n         <p class=\"description\">\n           Y s\u00e9 parte de los que expandimos el Mensaje de Salvaci\u00f3n y Esperanza.<\/p>\n        <div class=\"seperator\"><\/div>\n            \n            <div class=\"image_form\">\n                <img decoding=\"async\" class=\"image-replacement\" src=\"https:\/\/casademigloria.org\/cdmgorg_2020_website_proyecto\/wp-content\/plugins\/PasarelaCDMG\/includes\/..\/assets\/images\/cdmg1.png\" alt=\"Casa de Mi Gloria\" \/>\n            \n        <\/div>\n        <!--<button class=\"give-btn advance-btn\" tabindex=\"1\">Donar ahora<i class=\"fa fa-angle-right \"><\/i><\/button>-->\n        <\/div>\n\n        <div class=\"tab col-50\" id=\" mount_donatioin\" >\n            <div class=\"seperator\"><\/div>\n                <div class=\"choose-amount\"><p class=\"description\">Para Jes\u00fas nada es m\u00e1s importante que las almas y cada d\u00eda, Casa De Mi Gloria tiene la misi\u00f3n de ser el instrumento de Jes\u00fas, para impactar cada vida y alcanzar cada alma de esta Naci\u00f3n.<\/p>\n                <div class=\"give-total-wrap\">\n            <div class=\"give-donation-amount form-row-wide\">\n                <span class=\"give-currency-symbol give-currency-position-before\">$<\/span>                \n                <input class=\"amountus give-text-input give-amount-top\" name=\"amount\" type=\"tel\" placeholder=\"\"  value=\"100\" >\n             <\/div>\n            <\/div>\n            <ul id=\"give-donation-level-button-wrap\" class=\"list_amount give-donation-levels-wrap give-list-inline\">\n                <li>\n                    <button type=\"button\" data-price-id=\"0\" class=\"give-donation-level-btn amount-btn give-btn-level-0\" value=\"10\" data-default=\"0\" tabindex=\"3\">\n                        <div class=\"currency currency--before\">$<\/div>10\n                    <\/button>\n                <\/li>\n                <li>\n                    <button type=\"button\" data-price-id=\"1\" class=\"give-donation-level-btn amount-btn give-btn-level-1\" value=\"25\" data-default=\"0\" tabindex=\"3\">\n                        <div class=\"currency currency--before\">$<\/div>25\n                    <\/button>\n                <\/li>\n                <li>\n                    <button type=\"button\" data-price-id=\"2\" class=\"give-donation-level-btn amount-btn give-btn-level-2\" value=\"50\" data-default=\"0\" tabindex=\"3\">\n                        <div class=\"currency currency--before\">$<\/div>50\n                    <\/button>\n                <\/li>\n                <li>\n                    <button type=\"button\" data-price-id=\"3\" class=\"give-donation-level-btn amount-btn give-btn-level-3\" value=\"100\" data-default=\"0\" tabindex=\"3\">\n                        <div class=\"currency currency--before\">$<\/div>100\n                    <\/button>\n                <\/li>\n                <li>\n                    <button type=\"button\" data-price-id=\"5\" class=\"give-donation-level-btn amount-btn give-btn-level-5\" value=\"250\" data-default=\"0\" tabindex=\"3\">\n                        <div class=\"currency currency--before\">$<\/div>250\n                    <\/button>\n                <\/li>\n                <li>\n                    <button type=\"button\" data-price-id=\"custom\" class=\"give-donation-level-btn amount-btn give-btn-level-custom\" value=\"0\" tabindex=\"3\">Otra Cantidad<\/button>\n                <\/li>\n            <\/ul>\n            \n        <\/div>\n\n            <\/div>\n        \n          <div class=\"tab col-50 general_info\" id=\"give-section general_info\">\n            <div class=\"seperator\"><\/div>\n            <div class=\"heading\">\u00bfQui\u00e9n donar\u00e1 hoy?<\/div>\n            <div class=\"subheading\">Nunca compartiremos esta informaci\u00f3n con nadie.<\/div>\n           <div class=\"col-m-50 firt_clm\">\n              <i class=\"far fa-user\"><\/i>\n                <input type=\"text\" id=\"fname\" oninput=\"this.className = ''\" name=\"bill_to_forename\" placeholder=\"Nombres\" required>\n                \n            <\/div>\n            <div class=\"col-m-50 second_clm\">\n                <i class=\"far fa-user\"><\/i>\n                <input type=\"text\" id=\"lname\" oninput=\"this.className = ''\" name=\"bill_to_surname\" placeholder=\"Apellidos\" required>\n            <\/div>\n             <div class=\"col-m-50 firt_clm\" style=\"position: relative;\">\n                 <i class=\"far fa-envelope\"><\/i>\n            <input type=\"email\" id=\"email\" oninput=\"this.className = ''\" name=\"bill_to_email\" placeholder=\"Email\" required><div id=\"emailOK\"><\/div>\n             <\/div>\n             <div class=\"col-m-50 second_clm\">\n                <i class=\"fa fa-phone\"><\/i>\n                <input type=\"text\" id=\"telefono\" oninput=\"this.className = ''\" onkeyup=\"this.value=format_imput(this.value, '1')\" name=\"bill_to_phone\" placeholder=\"Tel\u00e9fono\" required>\n            <\/div>\n\n           <div style=\"display: inline-block; margin: 0% auto; width: 100%;\">\n           <i class=\"far fa-address-card\"><\/i>\n            <input type=\"text\" id=\"adr\" oninput=\"this.className = ''\" name=\"bill_to_address_line1\" onkeyup=\"this.value=format_imput(this.value, '0')\" placeholder=\"Direcci\u00f3n\" required>\n            <\/div>\n             \n            <div class=\"col-m-50 firt_clm \">\n            <i class=\"fa fa-globe\"><\/i> \n            <select id=\"countries\" class=\"countries\" name=\"bill_to_address_country\" required>\n               \n            <\/select>\n           <\/div>\n\n           <div class=\"col-m-50 second_clm\" id=\"ciudaddiv\">\n              <i class=\"fas fa-map-marker-alt\"><\/i>\n                <input type=\"text\" id=\"ciudad\" oninput=\"this.className = ''\" name=\"bill_to_address_city\" placeholder=\"Ciudad\" required>                \n            <\/div>\n            <div class=\"show_state\" style=\"display: none;\">\n              <div class=\"col-m-50 firt_clm\">\n                <label for=\"state\">State<\/label>\n                 <div style=\"display:inline-block;\">\n                <i class=\"fa fa-location-arrow\"><\/i>\n                <select id=\"select_state\" class=\"select_state\" name=\"bill_to_address_state\" ><\/select>\n            <\/div>\n              <\/div>\n              <div class=\"col-m-50 second_clm zipdiv\">\n                <label for=\"zip\">Codigo Postal<\/label>\n                <div style=\"display:inline-block; width: 100%;\">\n                <i class=\"fas fa-hashtag\"><\/i>\n                <input type=\"text\" class=\"zip_us\" id=\"zip\" name=\"bill_to_address_postal_code\" >\n            <\/div>\n              <\/div>\n            <\/div>\n            <input type=\"submit\" id=\"btnsubmit1\" name=\"submit\" value=\"Continuar\" class=\"btn\">\n          <\/div>          \n        <\/div>\n         <div>\n          <div style=\"overflow:auto;\">\n            <div class=\"nav_b\" style=\"text-align: center; padding-top: 10px;\">\n              <button type=\"button\" id=\"prevBtn\" onclick=\"nextPrev(-1)\">Atr\u00e1s<\/button>\n              <button type=\"button\" id=\"nextBtn\" onclick=\"nextPrev(1)\">Iniciar<\/button>\n            <\/div>\n          <\/div>\n          <!-- Circles which indicates the steps of the form: -->\n          <div style=\"text-align:center;margin-top:40px;\">\n            <span class=\"step\"><\/span>\n            <span class=\"step\"><\/span>\n          <\/div>\n        <\/div>\n\n    <\/fieldset>\n      <\/form>\n    <\/div>\n  <\/div>\n  <\/div>\n\n","protected":false},"excerpt":{"rendered":"Estamos proyectando un Complejo con espacios que nos ayuden a ampliar la difusi\u00f3n del Evangelio. \u00a1\u00daNETE! Y s\u00e9 parte de los que expandimos el Mensaje de Salvaci\u00f3n y Esperanza. Para Jes\u00fas nada es m\u00e1s importante que las almas y cada d\u00eda, Casa De Mi Gloria tiene la misi\u00f3n de ser el instrumento de Jes\u00fas, para&hellip;","protected":false},"author":5,"featured_media":0,"parent":0,"menu_order":0,"comment_status":"closed","ping_status":"closed","template":"","meta":{"footnotes":""},"_links":{"self":[{"href":"https:\/\/casademigloria.org\/cdmgorg_2020_website_proyecto\/wp-json\/wp\/v2\/pages\/2607"}],"collection":[{"href":"https:\/\/casademigloria.org\/cdmgorg_2020_website_proyecto\/wp-json\/wp\/v2\/pages"}],"about":[{"href":"https:\/\/casademigloria.org\/cdmgorg_2020_website_proyecto\/wp-json\/wp\/v2\/types\/page"}],"author":[{"embeddable":true,"href":"https:\/\/casademigloria.org\/cdmgorg_2020_website_proyecto\/wp-json\/wp\/v2\/users\/5"}],"replies":[{"embeddable":true,"href":"https:\/\/casademigloria.org\/cdmgorg_2020_website_proyecto\/wp-json\/wp\/v2\/comments?post=2607"}],"version-history":[{"count":4,"href":"https:\/\/casademigloria.org\/cdmgorg_2020_website_proyecto\/wp-json\/wp\/v2\/pages\/2607\/revisions"}],"predecessor-version":[{"id":2611,"href":"https:\/\/casademigloria.org\/cdmgorg_2020_website_proyecto\/wp-json\/wp\/v2\/pages\/2607\/revisions\/2611"}],"wp:attachment":[{"href":"https:\/\/casademigloria.org\/cdmgorg_2020_website_proyecto\/wp-json\/wp\/v2\/media?parent=2607"}],"curies":[{"name":"wp","href":"https:\/\/api.w.org\/{rel}","templated":true}]}}