{"id":3106,"date":"2025-07-24T03:07:36","date_gmt":"2025-07-24T03:07:36","guid":{"rendered":"https:\/\/casademigloria.org\/cdmgorg_2020_website_proyecto\/?page_id=3106"},"modified":"2025-07-24T03:49:35","modified_gmt":"2025-07-24T03:49:35","slug":"avances-etapa-2-cimientos-y-fundaciones-del-templo","status":"publish","type":"page","link":"https:\/\/casademigloria.org\/cdmgorg_2020_website_proyecto\/avances-etapa-2-cimientos-y-fundaciones-del-templo\/","title":{"rendered":"AVANCES ETAPA 2"},"content":{"rendered":"<p>[vc_row][vc_column][vc_column_text]<\/p>\r\n<h1 style=\"text-align: center;\"><strong>CIMIENTOS Y FUNDACIONES DEL TEMPLO<\/strong><\/h1>\r\n<p>[\/vc_column_text][vc_empty_space][\/vc_column][\/vc_row][vc_row][vc_column][vc_column_text]<\/p>\r\n<figure class=\"wp-block-image aligncenter size-full is-resized\"><img loading=\"lazy\" decoding=\"async\" width=\"960\" height=\"540\" class=\"wp-image-3116 aligncenter\" style=\"width: 1180px; height: auto;\" src=\"https:\/\/casademigloria.org\/cdmgorg_2020_website_proyecto\/wp-content\/uploads\/2025\/07\/008.jpg\" alt=\"\" srcset=\"https:\/\/casademigloria.org\/cdmgorg_2020_website_proyecto\/wp-content\/uploads\/2025\/07\/008.jpg 960w, https:\/\/casademigloria.org\/cdmgorg_2020_website_proyecto\/wp-content\/uploads\/2025\/07\/008-300x169.jpg 300w, https:\/\/casademigloria.org\/cdmgorg_2020_website_proyecto\/wp-content\/uploads\/2025\/07\/008-768x432.jpg 768w, https:\/\/casademigloria.org\/cdmgorg_2020_website_proyecto\/wp-content\/uploads\/2025\/07\/008-870x489.jpg 870w, https:\/\/casademigloria.org\/cdmgorg_2020_website_proyecto\/wp-content\/uploads\/2025\/07\/008-600x338.jpg 600w, https:\/\/casademigloria.org\/cdmgorg_2020_website_proyecto\/wp-content\/uploads\/2025\/07\/008-480x270.jpg 480w\" sizes=\"(max-width: 960px) 100vw, 960px\" \/><\/figure>\r\n\r\n<p>\u00a0<\/p>\r\n<p>En agosto del a\u00f1o 2022 se inicia con la medici\u00f3n de topograf\u00eda para delimitar el \u00e1rea a excavar para iniciar con la construcci\u00f3n de los cimientos y fundaciones del templo, entre el mes de agosto a octubre del a\u00f1o 2022, se logra levantar la primera parte del muro de los cimientos y fundaciones del templo. Hasta el mes de julio del a\u00f1o 2025 hemos logrado un avance significativo completando hasta un 90% del cierre de los muros, incluye tambi\u00e9n el \u00e1rea de la cisterna y \u00e1reas de futuras escaleras que conducir\u00e1n al templo desde el parqueo subterr\u00e1neo.<\/p>\r\n\r\n<p><style>.uid-aaa87c3129aec046  .gt3pg-isotope-item {\n\tpadding-right: 20px;\n\tpadding-bottom: 20px;\n}\n.uid-aaa87c3129aec046  .gallery-isotope-wrapper {\n\tmargin-right: -20px;\n\tmargin-bottom: -20px;\n}\n<\/style><div id=\"uid-aaa87c3129aec046\" data-gt3pg-block=\"masonry\" data-index=\"1\" class=\"gt3-photo-gallery-pro--isotope_gallery uid-aaa87c3129aec046 gt3pg-pro--wrapper gt3pg-pro--masonry \">\t\t<div data-cols=\"3\" data-cols-tablet=\"3\" data-cols-mobile=\"2\" class=\"gt3pg-isotope-gallery columns-3 hover-default gallery-masonry corner-standard\" data-settings=\"{&quot;lightbox&quot;:{&quot;enable&quot;:true,&quot;options&quot;:{&quot;instance&quot;:1}},&quot;id&quot;:1,&quot;uid&quot;:&quot;uid-aaa87c3129aec046&quot;,&quot;modules&quot;:[&quot;Lightbox&quot;],&quot;lightboxArray&quot;:[{&quot;href&quot;:&quot;https:\\\/\\\/casademigloria.org\\\/cdmgorg_2020_website_proyecto\\\/wp-content\\\/uploads\\\/2025\\\/07\\\/001-1.jpg&quot;,&quot;title&quot;:&quot;001&quot;,&quot;thumbnail&quot;:&quot;https:\\\/\\\/casademigloria.org\\\/cdmgorg_2020_website_proyecto\\\/wp-content\\\/uploads\\\/2025\\\/07\\\/001-1-150x150.jpg&quot;,&quot;description&quot;:&quot;&quot;,&quot;is_video&quot;:0,&quot;image_id&quot;:3108,&quot;width&quot;:1127,&quot;height&quot;:504},{&quot;href&quot;:&quot;https:\\\/\\\/casademigloria.org\\\/cdmgorg_2020_website_proyecto\\\/wp-content\\\/uploads\\\/2025\\\/07\\\/002.jpg&quot;,&quot;title&quot;:&quot;002&quot;,&quot;thumbnail&quot;:&quot;https:\\\/\\\/casademigloria.org\\\/cdmgorg_2020_website_proyecto\\\/wp-content\\\/uploads\\\/2025\\\/07\\\/002-150x150.jpg&quot;,&quot;description&quot;:&quot;&quot;,&quot;is_video&quot;:0,&quot;image_id&quot;:3109,&quot;width&quot;:1696,&quot;height&quot;:1133},{&quot;href&quot;:&quot;https:\\\/\\\/casademigloria.org\\\/cdmgorg_2020_website_proyecto\\\/wp-content\\\/uploads\\\/2025\\\/07\\\/003-1.jpg&quot;,&quot;title&quot;:&quot;003&quot;,&quot;thumbnail&quot;:&quot;https:\\\/\\\/casademigloria.org\\\/cdmgorg_2020_website_proyecto\\\/wp-content\\\/uploads\\\/2025\\\/07\\\/003-1-150x150.jpg&quot;,&quot;description&quot;:&quot;&quot;,&quot;is_video&quot;:0,&quot;image_id&quot;:3110,&quot;width&quot;:1094,&quot;height&quot;:1459},{&quot;href&quot;:&quot;https:\\\/\\\/casademigloria.org\\\/cdmgorg_2020_website_proyecto\\\/wp-content\\\/uploads\\\/2025\\\/07\\\/004-1.jpg&quot;,&quot;title&quot;:&quot;004&quot;,&quot;thumbnail&quot;:&quot;https:\\\/\\\/casademigloria.org\\\/cdmgorg_2020_website_proyecto\\\/wp-content\\\/uploads\\\/2025\\\/07\\\/004-1-150x150.jpg&quot;,&quot;description&quot;:&quot;&quot;,&quot;is_video&quot;:0,&quot;image_id&quot;:3111,&quot;width&quot;:2048,&quot;height&quot;:1536},{&quot;href&quot;:&quot;https:\\\/\\\/casademigloria.org\\\/cdmgorg_2020_website_proyecto\\\/wp-content\\\/uploads\\\/2025\\\/07\\\/005-1.jpg&quot;,&quot;title&quot;:&quot;005&quot;,&quot;thumbnail&quot;:&quot;https:\\\/\\\/casademigloria.org\\\/cdmgorg_2020_website_proyecto\\\/wp-content\\\/uploads\\\/2025\\\/07\\\/005-1-150x150.jpg&quot;,&quot;description&quot;:&quot;&quot;,&quot;is_video&quot;:0,&quot;image_id&quot;:3112,&quot;width&quot;:1094,&quot;height&quot;:1459},{&quot;href&quot;:&quot;https:\\\/\\\/casademigloria.org\\\/cdmgorg_2020_website_proyecto\\\/wp-content\\\/uploads\\\/2025\\\/07\\\/006.jpg&quot;,&quot;title&quot;:&quot;006&quot;,&quot;thumbnail&quot;:&quot;https:\\\/\\\/casademigloria.org\\\/cdmgorg_2020_website_proyecto\\\/wp-content\\\/uploads\\\/2025\\\/07\\\/006-150x150.jpg&quot;,&quot;description&quot;:&quot;&quot;,&quot;is_video&quot;:0,&quot;image_id&quot;:3113,&quot;width&quot;:1696,&quot;height&quot;:1133},{&quot;href&quot;:&quot;https:\\\/\\\/casademigloria.org\\\/cdmgorg_2020_website_proyecto\\\/wp-content\\\/uploads\\\/2025\\\/07\\\/007.jpg&quot;,&quot;title&quot;:&quot;007&quot;,&quot;thumbnail&quot;:&quot;https:\\\/\\\/casademigloria.org\\\/cdmgorg_2020_website_proyecto\\\/wp-content\\\/uploads\\\/2025\\\/07\\\/007-150x150.jpg&quot;,&quot;description&quot;:&quot;&quot;,&quot;is_video&quot;:0,&quot;image_id&quot;:3114,&quot;width&quot;:2048,&quot;height&quot;:1536}],&quot;items&quot;:[{&quot;href&quot;:&quot;https:\\\/\\\/casademigloria.org\\\/cdmgorg_2020_website_proyecto\\\/wp-content\\\/uploads\\\/2025\\\/07\\\/001-1.jpg&quot;,&quot;title&quot;:&quot;001&quot;,&quot;thumbnail&quot;:&quot;https:\\\/\\\/casademigloria.org\\\/cdmgorg_2020_website_proyecto\\\/wp-content\\\/uploads\\\/2025\\\/07\\\/001-1-150x150.jpg&quot;,&quot;description&quot;:&quot;&quot;,&quot;is_video&quot;:0,&quot;image_id&quot;:3108,&quot;width&quot;:1127,&quot;height&quot;:504},{&quot;href&quot;:&quot;https:\\\/\\\/casademigloria.org\\\/cdmgorg_2020_website_proyecto\\\/wp-content\\\/uploads\\\/2025\\\/07\\\/002.jpg&quot;,&quot;title&quot;:&quot;002&quot;,&quot;thumbnail&quot;:&quot;https:\\\/\\\/casademigloria.org\\\/cdmgorg_2020_website_proyecto\\\/wp-content\\\/uploads\\\/2025\\\/07\\\/002-150x150.jpg&quot;,&quot;description&quot;:&quot;&quot;,&quot;is_video&quot;:0,&quot;image_id&quot;:3109,&quot;width&quot;:1696,&quot;height&quot;:1133},{&quot;href&quot;:&quot;https:\\\/\\\/casademigloria.org\\\/cdmgorg_2020_website_proyecto\\\/wp-content\\\/uploads\\\/2025\\\/07\\\/003-1.jpg&quot;,&quot;title&quot;:&quot;003&quot;,&quot;thumbnail&quot;:&quot;https:\\\/\\\/casademigloria.org\\\/cdmgorg_2020_website_proyecto\\\/wp-content\\\/uploads\\\/2025\\\/07\\\/003-1-150x150.jpg&quot;,&quot;description&quot;:&quot;&quot;,&quot;is_video&quot;:0,&quot;image_id&quot;:3110,&quot;width&quot;:1094,&quot;height&quot;:1459},{&quot;href&quot;:&quot;https:\\\/\\\/casademigloria.org\\\/cdmgorg_2020_website_proyecto\\\/wp-content\\\/uploads\\\/2025\\\/07\\\/004-1.jpg&quot;,&quot;title&quot;:&quot;004&quot;,&quot;thumbnail&quot;:&quot;https:\\\/\\\/casademigloria.org\\\/cdmgorg_2020_website_proyecto\\\/wp-content\\\/uploads\\\/2025\\\/07\\\/004-1-150x150.jpg&quot;,&quot;description&quot;:&quot;&quot;,&quot;is_video&quot;:0,&quot;image_id&quot;:3111,&quot;width&quot;:2048,&quot;height&quot;:1536},{&quot;href&quot;:&quot;https:\\\/\\\/casademigloria.org\\\/cdmgorg_2020_website_proyecto\\\/wp-content\\\/uploads\\\/2025\\\/07\\\/005-1.jpg&quot;,&quot;title&quot;:&quot;005&quot;,&quot;thumbnail&quot;:&quot;https:\\\/\\\/casademigloria.org\\\/cdmgorg_2020_website_proyecto\\\/wp-content\\\/uploads\\\/2025\\\/07\\\/005-1-150x150.jpg&quot;,&quot;description&quot;:&quot;&quot;,&quot;is_video&quot;:0,&quot;image_id&quot;:3112,&quot;width&quot;:1094,&quot;height&quot;:1459},{&quot;href&quot;:&quot;https:\\\/\\\/casademigloria.org\\\/cdmgorg_2020_website_proyecto\\\/wp-content\\\/uploads\\\/2025\\\/07\\\/006.jpg&quot;,&quot;title&quot;:&quot;006&quot;,&quot;thumbnail&quot;:&quot;https:\\\/\\\/casademigloria.org\\\/cdmgorg_2020_website_proyecto\\\/wp-content\\\/uploads\\\/2025\\\/07\\\/006-150x150.jpg&quot;,&quot;description&quot;:&quot;&quot;,&quot;is_video&quot;:0,&quot;image_id&quot;:3113,&quot;width&quot;:1696,&quot;height&quot;:1133},{&quot;href&quot;:&quot;https:\\\/\\\/casademigloria.org\\\/cdmgorg_2020_website_proyecto\\\/wp-content\\\/uploads\\\/2025\\\/07\\\/007.jpg&quot;,&quot;title&quot;:&quot;007&quot;,&quot;thumbnail&quot;:&quot;https:\\\/\\\/casademigloria.org\\\/cdmgorg_2020_website_proyecto\\\/wp-content\\\/uploads\\\/2025\\\/07\\\/007-150x150.jpg&quot;,&quot;description&quot;:&quot;&quot;,&quot;is_video&quot;:0,&quot;image_id&quot;:3114,&quot;width&quot;:2048,&quot;height&quot;:1536}]}\">\r\n\t\t\t<div class=\"gallery-isotope-wrapper\">\r\n\t\t\t\t<div class=\"gt3pg-isotope-item loading \" ><div class=\"isotope_item-wrapper\"><a href=\"https:\/\/casademigloria.org\/cdmgorg_2020_website_proyecto\/wp-content\/uploads\/2025\/07\/001-1-768x343.jpg\" class=\"gt3pg-lightbox\" data-elementor-open-lightbox=\"no\"><div class=\"img-wrapper \"><img loading=\"lazy\" decoding=\"async\" width=\"768\" height=\"343\" src=\"https:\/\/casademigloria.org\/cdmgorg_2020_website_proyecto\/wp-content\/uploads\/2025\/07\/001-1-768x343.jpg\" class=\"skip-lazy gt3-lazy-image\" alt=\"\" data-lazy-srcset=\"https:\/\/casademigloria.org\/cdmgorg_2020_website_proyecto\/wp-content\/uploads\/2025\/07\/001-1-768x343.jpg 768w, https:\/\/casademigloria.org\/cdmgorg_2020_website_proyecto\/wp-content\/uploads\/2025\/07\/001-1-300x134.jpg 300w, https:\/\/casademigloria.org\/cdmgorg_2020_website_proyecto\/wp-content\/uploads\/2025\/07\/001-1-600x268.jpg 600w, https:\/\/casademigloria.org\/cdmgorg_2020_website_proyecto\/wp-content\/uploads\/2025\/07\/001-1-480x215.jpg 480w\" data-lazy-sizes=\"(max-width: 768px) 100vw, 768px\" data-lazy-src=\"https:\/\/casademigloria.org\/cdmgorg_2020_website_proyecto\/wp-content\/uploads\/2025\/07\/001-1-768x343.jpg?is-pending-load=1\" srcset=\"data:image\/png;base64,iVBORw0KGgoAAAANSUhEUgAAAE0AAAAiCAYAAAAaq1Q\/AAAACXBIWXMAAA7EAAAOxAGVKw4bAAAAIUlEQVRo3u3BAQ0AAADCoPdPbQ43oAAAAAAAAAAAAABeDSkKAAFfAXmUAAAAAElFTkSuQmCC\" \/><\/div><\/a><\/div><\/div><div class=\"gt3pg-isotope-item loading \" ><div class=\"isotope_item-wrapper\"><a href=\"https:\/\/casademigloria.org\/cdmgorg_2020_website_proyecto\/wp-content\/uploads\/2025\/07\/002-768x513.jpg\" class=\"gt3pg-lightbox\" data-elementor-open-lightbox=\"no\"><div class=\"img-wrapper \"><img loading=\"lazy\" decoding=\"async\" width=\"768\" height=\"513\" src=\"https:\/\/casademigloria.org\/cdmgorg_2020_website_proyecto\/wp-content\/uploads\/2025\/07\/002-768x513.jpg\" class=\"skip-lazy gt3-lazy-image\" alt=\"\" data-lazy-srcset=\"https:\/\/casademigloria.org\/cdmgorg_2020_website_proyecto\/wp-content\/uploads\/2025\/07\/002-768x513.jpg 768w, https:\/\/casademigloria.org\/cdmgorg_2020_website_proyecto\/wp-content\/uploads\/2025\/07\/002-300x200.jpg 300w, https:\/\/casademigloria.org\/cdmgorg_2020_website_proyecto\/wp-content\/uploads\/2025\/07\/002-600x401.jpg 600w, https:\/\/casademigloria.org\/cdmgorg_2020_website_proyecto\/wp-content\/uploads\/2025\/07\/002-480x321.jpg 480w\" data-lazy-sizes=\"(max-width: 768px) 100vw, 768px\" data-lazy-src=\"https:\/\/casademigloria.org\/cdmgorg_2020_website_proyecto\/wp-content\/uploads\/2025\/07\/002-768x513.jpg?is-pending-load=1\" srcset=\"data:image\/png;base64,iVBORw0KGgoAAAANSUhEUgAAAE0AAAAzCAYAAADSIYUBAAAACXBIWXMAAA7EAAAOxAGVKw4bAAAAJklEQVRo3u3BgQAAAADDoPlTX+AIVQEAAAAAAAAAAAAAAAAAAHAMPY8AAQeL\/AcAAAAASUVORK5CYII=\" \/><\/div><\/a><\/div><\/div><div class=\"gt3pg-isotope-item loading \" ><div class=\"isotope_item-wrapper\"><a href=\"https:\/\/casademigloria.org\/cdmgorg_2020_website_proyecto\/wp-content\/uploads\/2025\/07\/003-1-768x1024.jpg\" class=\"gt3pg-lightbox\" data-elementor-open-lightbox=\"no\"><div class=\"img-wrapper \"><img loading=\"lazy\" decoding=\"async\" width=\"768\" height=\"1024\" src=\"https:\/\/casademigloria.org\/cdmgorg_2020_website_proyecto\/wp-content\/uploads\/2025\/07\/003-1-768x1024.jpg\" class=\"skip-lazy gt3-lazy-image\" alt=\"\" data-lazy-srcset=\"https:\/\/casademigloria.org\/cdmgorg_2020_website_proyecto\/wp-content\/uploads\/2025\/07\/003-1-768x1024.jpg 768w, https:\/\/casademigloria.org\/cdmgorg_2020_website_proyecto\/wp-content\/uploads\/2025\/07\/003-1-225x300.jpg 225w, https:\/\/casademigloria.org\/cdmgorg_2020_website_proyecto\/wp-content\/uploads\/2025\/07\/003-1-600x800.jpg 600w, https:\/\/casademigloria.org\/cdmgorg_2020_website_proyecto\/wp-content\/uploads\/2025\/07\/003-1-480x640.jpg 480w\" data-lazy-sizes=\"(max-width: 768px) 100vw, 768px\" data-lazy-src=\"https:\/\/casademigloria.org\/cdmgorg_2020_website_proyecto\/wp-content\/uploads\/2025\/07\/003-1-768x1024.jpg?is-pending-load=1\" srcset=\"data:image\/png;base64,iVBORw0KGgoAAAANSUhEUgAAAE0AAABmCAYAAACOYhxFAAAACXBIWXMAAA7EAAAOxAGVKw4bAAAANUlEQVR42u3BgQAAAADDoPlTX+EAVQEAAAAAAAAAAAAAAAAAAAAAAAAAAAAAAAAAAAAAAMBrex4AARQEIPwAAAAASUVORK5CYII=\" \/><\/div><\/a><\/div><\/div><div class=\"gt3pg-isotope-item loading \" ><div class=\"isotope_item-wrapper\"><a href=\"https:\/\/casademigloria.org\/cdmgorg_2020_website_proyecto\/wp-content\/uploads\/2025\/07\/004-1-768x576.jpg\" class=\"gt3pg-lightbox\" data-elementor-open-lightbox=\"no\"><div class=\"img-wrapper \"><img loading=\"lazy\" decoding=\"async\" width=\"768\" height=\"576\" src=\"https:\/\/casademigloria.org\/cdmgorg_2020_website_proyecto\/wp-content\/uploads\/2025\/07\/004-1-768x576.jpg\" class=\"skip-lazy gt3-lazy-image\" alt=\"\" data-lazy-srcset=\"https:\/\/casademigloria.org\/cdmgorg_2020_website_proyecto\/wp-content\/uploads\/2025\/07\/004-1-768x576.jpg 768w, https:\/\/casademigloria.org\/cdmgorg_2020_website_proyecto\/wp-content\/uploads\/2025\/07\/004-1-300x225.jpg 300w, https:\/\/casademigloria.org\/cdmgorg_2020_website_proyecto\/wp-content\/uploads\/2025\/07\/004-1-600x450.jpg 600w, https:\/\/casademigloria.org\/cdmgorg_2020_website_proyecto\/wp-content\/uploads\/2025\/07\/004-1-480x360.jpg 480w\" data-lazy-sizes=\"(max-width: 768px) 100vw, 768px\" data-lazy-src=\"https:\/\/casademigloria.org\/cdmgorg_2020_website_proyecto\/wp-content\/uploads\/2025\/07\/004-1-768x576.jpg?is-pending-load=1\" srcset=\"data:image\/png;base64,iVBORw0KGgoAAAANSUhEUgAAAE0AAAA5CAYAAABzuqZnAAAACXBIWXMAAA7EAAAOxAGVKw4bAAAAKElEQVR42u3BMQEAAADCoPVPbQlPoAAAAAAAAAAAAAAAAAAAAAAADgZEzQABzhJDggAAAABJRU5ErkJggg==\" \/><\/div><\/a><\/div><\/div><div class=\"gt3pg-isotope-item loading \" ><div class=\"isotope_item-wrapper\"><a href=\"https:\/\/casademigloria.org\/cdmgorg_2020_website_proyecto\/wp-content\/uploads\/2025\/07\/005-1-768x1024.jpg\" class=\"gt3pg-lightbox\" data-elementor-open-lightbox=\"no\"><div class=\"img-wrapper \"><img loading=\"lazy\" decoding=\"async\" width=\"768\" height=\"1024\" src=\"https:\/\/casademigloria.org\/cdmgorg_2020_website_proyecto\/wp-content\/uploads\/2025\/07\/005-1-768x1024.jpg\" class=\"skip-lazy gt3-lazy-image\" alt=\"\" data-lazy-srcset=\"https:\/\/casademigloria.org\/cdmgorg_2020_website_proyecto\/wp-content\/uploads\/2025\/07\/005-1-768x1024.jpg 768w, https:\/\/casademigloria.org\/cdmgorg_2020_website_proyecto\/wp-content\/uploads\/2025\/07\/005-1-225x300.jpg 225w, https:\/\/casademigloria.org\/cdmgorg_2020_website_proyecto\/wp-content\/uploads\/2025\/07\/005-1-600x800.jpg 600w, https:\/\/casademigloria.org\/cdmgorg_2020_website_proyecto\/wp-content\/uploads\/2025\/07\/005-1-480x640.jpg 480w\" data-lazy-sizes=\"(max-width: 768px) 100vw, 768px\" data-lazy-src=\"https:\/\/casademigloria.org\/cdmgorg_2020_website_proyecto\/wp-content\/uploads\/2025\/07\/005-1-768x1024.jpg?is-pending-load=1\" srcset=\"data:image\/png;base64,iVBORw0KGgoAAAANSUhEUgAAAE0AAABmCAYAAACOYhxFAAAACXBIWXMAAA7EAAAOxAGVKw4bAAAANUlEQVR42u3BgQAAAADDoPlTX+EAVQEAAAAAAAAAAAAAAAAAAAAAAAAAAAAAAAAAAAAAAMBrex4AARQEIPwAAAAASUVORK5CYII=\" \/><\/div><\/a><\/div><\/div><div class=\"gt3pg-isotope-item loading \" ><div class=\"isotope_item-wrapper\"><a href=\"https:\/\/casademigloria.org\/cdmgorg_2020_website_proyecto\/wp-content\/uploads\/2025\/07\/006-768x513.jpg\" class=\"gt3pg-lightbox\" data-elementor-open-lightbox=\"no\"><div class=\"img-wrapper \"><img loading=\"lazy\" decoding=\"async\" width=\"768\" height=\"513\" src=\"https:\/\/casademigloria.org\/cdmgorg_2020_website_proyecto\/wp-content\/uploads\/2025\/07\/006-768x513.jpg\" class=\"skip-lazy gt3-lazy-image\" alt=\"\" data-lazy-srcset=\"https:\/\/casademigloria.org\/cdmgorg_2020_website_proyecto\/wp-content\/uploads\/2025\/07\/006-768x513.jpg 768w, https:\/\/casademigloria.org\/cdmgorg_2020_website_proyecto\/wp-content\/uploads\/2025\/07\/006-300x200.jpg 300w, https:\/\/casademigloria.org\/cdmgorg_2020_website_proyecto\/wp-content\/uploads\/2025\/07\/006-600x401.jpg 600w, https:\/\/casademigloria.org\/cdmgorg_2020_website_proyecto\/wp-content\/uploads\/2025\/07\/006-480x321.jpg 480w\" data-lazy-sizes=\"(max-width: 768px) 100vw, 768px\" data-lazy-src=\"https:\/\/casademigloria.org\/cdmgorg_2020_website_proyecto\/wp-content\/uploads\/2025\/07\/006-768x513.jpg?is-pending-load=1\" srcset=\"data:image\/png;base64,iVBORw0KGgoAAAANSUhEUgAAAE0AAAAzCAYAAADSIYUBAAAACXBIWXMAAA7EAAAOxAGVKw4bAAAAJklEQVRo3u3BgQAAAADDoPlTX+AIVQEAAAAAAAAAAAAAAAAAAHAMPY8AAQeL\/AcAAAAASUVORK5CYII=\" \/><\/div><\/a><\/div><\/div><div class=\"gt3pg-isotope-item loading \" ><div class=\"isotope_item-wrapper\"><a href=\"https:\/\/casademigloria.org\/cdmgorg_2020_website_proyecto\/wp-content\/uploads\/2025\/07\/007-768x576.jpg\" class=\"gt3pg-lightbox\" data-elementor-open-lightbox=\"no\"><div class=\"img-wrapper \"><img loading=\"lazy\" decoding=\"async\" width=\"768\" height=\"576\" src=\"https:\/\/casademigloria.org\/cdmgorg_2020_website_proyecto\/wp-content\/uploads\/2025\/07\/007-768x576.jpg\" class=\"skip-lazy gt3-lazy-image\" alt=\"\" data-lazy-srcset=\"https:\/\/casademigloria.org\/cdmgorg_2020_website_proyecto\/wp-content\/uploads\/2025\/07\/007-768x576.jpg 768w, https:\/\/casademigloria.org\/cdmgorg_2020_website_proyecto\/wp-content\/uploads\/2025\/07\/007-300x225.jpg 300w, https:\/\/casademigloria.org\/cdmgorg_2020_website_proyecto\/wp-content\/uploads\/2025\/07\/007-600x450.jpg 600w, https:\/\/casademigloria.org\/cdmgorg_2020_website_proyecto\/wp-content\/uploads\/2025\/07\/007-480x360.jpg 480w\" data-lazy-sizes=\"(max-width: 768px) 100vw, 768px\" data-lazy-src=\"https:\/\/casademigloria.org\/cdmgorg_2020_website_proyecto\/wp-content\/uploads\/2025\/07\/007-768x576.jpg?is-pending-load=1\" srcset=\"data:image\/png;base64,iVBORw0KGgoAAAANSUhEUgAAAE0AAAA5CAYAAABzuqZnAAAACXBIWXMAAA7EAAAOxAGVKw4bAAAAKElEQVR42u3BMQEAAADCoPVPbQlPoAAAAAAAAAAAAAAAAAAAAAAADgZEzQABzhJDggAAAABJRU5ErkJggg==\" \/><\/div><\/a><\/div><\/div>\t\t\t<\/div>\r\n\t\t<\/div>\r\n\t\t<script type=\"application\/json\" id=\"settings--uid-aaa87c3129aec046\">{\"lightbox\":{\"enable\":true,\"options\":{\"instance\":1}},\"id\":1,\"uid\":\"uid-aaa87c3129aec046\",\"modules\":[\"Lightbox\"],\"lightboxArray\":[{\"href\":\"https:\\\/\\\/casademigloria.org\\\/cdmgorg_2020_website_proyecto\\\/wp-content\\\/uploads\\\/2025\\\/07\\\/001-1.jpg\",\"title\":\"001\",\"thumbnail\":\"https:\\\/\\\/casademigloria.org\\\/cdmgorg_2020_website_proyecto\\\/wp-content\\\/uploads\\\/2025\\\/07\\\/001-1-150x150.jpg\",\"description\":\"\",\"is_video\":0,\"image_id\":3108,\"width\":1127,\"height\":504},{\"href\":\"https:\\\/\\\/casademigloria.org\\\/cdmgorg_2020_website_proyecto\\\/wp-content\\\/uploads\\\/2025\\\/07\\\/002.jpg\",\"title\":\"002\",\"thumbnail\":\"https:\\\/\\\/casademigloria.org\\\/cdmgorg_2020_website_proyecto\\\/wp-content\\\/uploads\\\/2025\\\/07\\\/002-150x150.jpg\",\"description\":\"\",\"is_video\":0,\"image_id\":3109,\"width\":1696,\"height\":1133},{\"href\":\"https:\\\/\\\/casademigloria.org\\\/cdmgorg_2020_website_proyecto\\\/wp-content\\\/uploads\\\/2025\\\/07\\\/003-1.jpg\",\"title\":\"003\",\"thumbnail\":\"https:\\\/\\\/casademigloria.org\\\/cdmgorg_2020_website_proyecto\\\/wp-content\\\/uploads\\\/2025\\\/07\\\/003-1-150x150.jpg\",\"description\":\"\",\"is_video\":0,\"image_id\":3110,\"width\":1094,\"height\":1459},{\"href\":\"https:\\\/\\\/casademigloria.org\\\/cdmgorg_2020_website_proyecto\\\/wp-content\\\/uploads\\\/2025\\\/07\\\/004-1.jpg\",\"title\":\"004\",\"thumbnail\":\"https:\\\/\\\/casademigloria.org\\\/cdmgorg_2020_website_proyecto\\\/wp-content\\\/uploads\\\/2025\\\/07\\\/004-1-150x150.jpg\",\"description\":\"\",\"is_video\":0,\"image_id\":3111,\"width\":2048,\"height\":1536},{\"href\":\"https:\\\/\\\/casademigloria.org\\\/cdmgorg_2020_website_proyecto\\\/wp-content\\\/uploads\\\/2025\\\/07\\\/005-1.jpg\",\"title\":\"005\",\"thumbnail\":\"https:\\\/\\\/casademigloria.org\\\/cdmgorg_2020_website_proyecto\\\/wp-content\\\/uploads\\\/2025\\\/07\\\/005-1-150x150.jpg\",\"description\":\"\",\"is_video\":0,\"image_id\":3112,\"width\":1094,\"height\":1459},{\"href\":\"https:\\\/\\\/casademigloria.org\\\/cdmgorg_2020_website_proyecto\\\/wp-content\\\/uploads\\\/2025\\\/07\\\/006.jpg\",\"title\":\"006\",\"thumbnail\":\"https:\\\/\\\/casademigloria.org\\\/cdmgorg_2020_website_proyecto\\\/wp-content\\\/uploads\\\/2025\\\/07\\\/006-150x150.jpg\",\"description\":\"\",\"is_video\":0,\"image_id\":3113,\"width\":1696,\"height\":1133},{\"href\":\"https:\\\/\\\/casademigloria.org\\\/cdmgorg_2020_website_proyecto\\\/wp-content\\\/uploads\\\/2025\\\/07\\\/007.jpg\",\"title\":\"007\",\"thumbnail\":\"https:\\\/\\\/casademigloria.org\\\/cdmgorg_2020_website_proyecto\\\/wp-content\\\/uploads\\\/2025\\\/07\\\/007-150x150.jpg\",\"description\":\"\",\"is_video\":0,\"image_id\":3114,\"width\":2048,\"height\":1536}],\"items\":[{\"href\":\"https:\\\/\\\/casademigloria.org\\\/cdmgorg_2020_website_proyecto\\\/wp-content\\\/uploads\\\/2025\\\/07\\\/001-1.jpg\",\"title\":\"001\",\"thumbnail\":\"https:\\\/\\\/casademigloria.org\\\/cdmgorg_2020_website_proyecto\\\/wp-content\\\/uploads\\\/2025\\\/07\\\/001-1-150x150.jpg\",\"description\":\"\",\"is_video\":0,\"image_id\":3108,\"width\":1127,\"height\":504},{\"href\":\"https:\\\/\\\/casademigloria.org\\\/cdmgorg_2020_website_proyecto\\\/wp-content\\\/uploads\\\/2025\\\/07\\\/002.jpg\",\"title\":\"002\",\"thumbnail\":\"https:\\\/\\\/casademigloria.org\\\/cdmgorg_2020_website_proyecto\\\/wp-content\\\/uploads\\\/2025\\\/07\\\/002-150x150.jpg\",\"description\":\"\",\"is_video\":0,\"image_id\":3109,\"width\":1696,\"height\":1133},{\"href\":\"https:\\\/\\\/casademigloria.org\\\/cdmgorg_2020_website_proyecto\\\/wp-content\\\/uploads\\\/2025\\\/07\\\/003-1.jpg\",\"title\":\"003\",\"thumbnail\":\"https:\\\/\\\/casademigloria.org\\\/cdmgorg_2020_website_proyecto\\\/wp-content\\\/uploads\\\/2025\\\/07\\\/003-1-150x150.jpg\",\"description\":\"\",\"is_video\":0,\"image_id\":3110,\"width\":1094,\"height\":1459},{\"href\":\"https:\\\/\\\/casademigloria.org\\\/cdmgorg_2020_website_proyecto\\\/wp-content\\\/uploads\\\/2025\\\/07\\\/004-1.jpg\",\"title\":\"004\",\"thumbnail\":\"https:\\\/\\\/casademigloria.org\\\/cdmgorg_2020_website_proyecto\\\/wp-content\\\/uploads\\\/2025\\\/07\\\/004-1-150x150.jpg\",\"description\":\"\",\"is_video\":0,\"image_id\":3111,\"width\":2048,\"height\":1536},{\"href\":\"https:\\\/\\\/casademigloria.org\\\/cdmgorg_2020_website_proyecto\\\/wp-content\\\/uploads\\\/2025\\\/07\\\/005-1.jpg\",\"title\":\"005\",\"thumbnail\":\"https:\\\/\\\/casademigloria.org\\\/cdmgorg_2020_website_proyecto\\\/wp-content\\\/uploads\\\/2025\\\/07\\\/005-1-150x150.jpg\",\"description\":\"\",\"is_video\":0,\"image_id\":3112,\"width\":1094,\"height\":1459},{\"href\":\"https:\\\/\\\/casademigloria.org\\\/cdmgorg_2020_website_proyecto\\\/wp-content\\\/uploads\\\/2025\\\/07\\\/006.jpg\",\"title\":\"006\",\"thumbnail\":\"https:\\\/\\\/casademigloria.org\\\/cdmgorg_2020_website_proyecto\\\/wp-content\\\/uploads\\\/2025\\\/07\\\/006-150x150.jpg\",\"description\":\"\",\"is_video\":0,\"image_id\":3113,\"width\":1696,\"height\":1133},{\"href\":\"https:\\\/\\\/casademigloria.org\\\/cdmgorg_2020_website_proyecto\\\/wp-content\\\/uploads\\\/2025\\\/07\\\/007.jpg\",\"title\":\"007\",\"thumbnail\":\"https:\\\/\\\/casademigloria.org\\\/cdmgorg_2020_website_proyecto\\\/wp-content\\\/uploads\\\/2025\\\/07\\\/007-150x150.jpg\",\"description\":\"\",\"is_video\":0,\"image_id\":3114,\"width\":2048,\"height\":1536}]}<\/script>\r\n\t\t<\/div>[\/vc_column_text][\/vc_column][\/vc_row]<\/p>","protected":false},"excerpt":{"rendered":"<p>[vc_row][vc_column][vc_column_text] CIMIENTOS Y FUNDACIONES DEL TEMPLO [\/vc_column_text][vc_empty_space][\/vc_column][\/vc_row][vc_row][vc_column][vc_column_text] \u00a0 En agosto del a\u00f1o 2022 se inicia con la medici\u00f3n de topograf\u00eda para delimitar el \u00e1rea a excavar para iniciar con la construcci\u00f3n de los cimientos y fundaciones del templo, entre el mes de agosto a octubre del a\u00f1o 2022, se logra levantar la primera parte del&hellip;<\/p>\n","protected":false},"author":5,"featured_media":3116,"parent":0,"menu_order":0,"comment_status":"closed","ping_status":"closed","template":"","meta":{"footnotes":""},"_links":{"self":[{"href":"https:\/\/casademigloria.org\/cdmgorg_2020_website_proyecto\/wp-json\/wp\/v2\/pages\/3106"}],"collection":[{"href":"https:\/\/casademigloria.org\/cdmgorg_2020_website_proyecto\/wp-json\/wp\/v2\/pages"}],"about":[{"href":"https:\/\/casademigloria.org\/cdmgorg_2020_website_proyecto\/wp-json\/wp\/v2\/types\/page"}],"author":[{"embeddable":true,"href":"https:\/\/casademigloria.org\/cdmgorg_2020_website_proyecto\/wp-json\/wp\/v2\/users\/5"}],"replies":[{"embeddable":true,"href":"https:\/\/casademigloria.org\/cdmgorg_2020_website_proyecto\/wp-json\/wp\/v2\/comments?post=3106"}],"version-history":[{"count":9,"href":"https:\/\/casademigloria.org\/cdmgorg_2020_website_proyecto\/wp-json\/wp\/v2\/pages\/3106\/revisions"}],"predecessor-version":[{"id":3138,"href":"https:\/\/casademigloria.org\/cdmgorg_2020_website_proyecto\/wp-json\/wp\/v2\/pages\/3106\/revisions\/3138"}],"wp:featuredmedia":[{"embeddable":true,"href":"https:\/\/casademigloria.org\/cdmgorg_2020_website_proyecto\/wp-json\/wp\/v2\/media\/3116"}],"wp:attachment":[{"href":"https:\/\/casademigloria.org\/cdmgorg_2020_website_proyecto\/wp-json\/wp\/v2\/media?parent=3106"}],"curies":[{"name":"wp","href":"https:\/\/api.w.org\/{rel}","templated":true}]}}